{"id":556,"date":"2023-12-10T23:34:46","date_gmt":"2023-12-10T23:34:46","guid":{"rendered":"https:\/\/vereinigung-der-kitaleitungen.de\/?page_id=556"},"modified":"2024-01-21T21:14:09","modified_gmt":"2024-01-21T21:14:09","slug":"archiv-2023","status":"publish","type":"page","link":"https:\/\/vereinigung-der-kitaleitungen.de\/?page_id=556","title":{"rendered":"2023"},"content":{"rendered":"\t\t<div data-elementor-type=\"wp-page\" data-elementor-id=\"556\" class=\"elementor elementor-556\">\n\t\t\t\t\t\t\t\t\t<section class=\"elementor-section elementor-top-section elementor-element elementor-element-cf54160 elementor-section-boxed elementor-section-height-default elementor-section-height-default\" data-id=\"cf54160\" data-element_type=\"section\">\n\t\t\t\t\t\t<div class=\"elementor-container elementor-column-gap-default\">\n\t\t\t\t\t<div class=\"elementor-column elementor-col-100 elementor-top-column elementor-element elementor-element-f13270b\" data-id=\"f13270b\" data-element_type=\"column\">\n\t\t\t<div class=\"elementor-widget-wrap elementor-element-populated\">\n\t\t\t\t\t\t\t\t<div class=\"elementor-element elementor-element-b63afbf elementor-widget elementor-widget-text-editor\" data-id=\"b63afbf\" data-element_type=\"widget\" data-widget_type=\"text-editor.default\">\n\t\t\t\t<div class=\"elementor-widget-container\">\n\t\t\t\t\t\t\t<h2>KitaG &#8211; Wie geht&#8217;s weiter?<\/h2>\n<p style=\"font-style: normal; background-color: #ffffff;\"><span style=\"font-size: 15px;\">Am 30.11.23 folgten wir der Einladung der Landeselternvertretung zum Parlamentarischen Abend in Kiel. In stilvollem Ambiente plauderten wir mit Politik, verschiedenen Verb\u00e4nden und Landes- sowie Kreiselternvertretungen. Ein positives Signal: Gemeinsames Ziel ist eine verl\u00e4ssliche UND qualitative Betreuung und F\u00f6rderung unserer Kinder. Was es dazu braucht? Fachkr\u00e4fte, Investitionen, klare Verantwortungs\u00fcbernahme.\u00a0<\/span><\/p>\n<p>Seit dem 01.01.2021 befinden wir uns im sogenannten \u00dcbergangszeitraum zum Kita-G. Bis Dezember 2023 sollte die Theorie mit der Praxis abgeglichen und das Gesetz angepasst werden.\u00a0<\/p>\n<p>Dass die bisherigen Anpassungen und Ma\u00dfnahmen hinter den Bedarfen der aktuellen Entwicklungen zur\u00fcckbleiben, wurde deutlich und immer wieder durch verschiedene Beteiligte benannt. Forderungen nach einer Fachkr\u00e4fte-Initiative, nach Aufstockung der Kita-Finanzierung, nach klarer Verantwortungs\u00fcbernahme, wurden laut. Im Herbst wurden erste Stimmen nach einer Verl\u00e4ngerung des Evaluationszeitraums vernehmbar. Letztlich gab es im November einen Gesetzesentwurf von CDU und B\u00dcNDNIS 90\/DIE GR\u00dcNEN, der eine Verl\u00e4ngerung des Evaluationszeitraums und damit des gesamten Reformprozesses, um ein ganzes Jahr vorsah.<\/p>\n<p>Das Kita-G hat lange auf sich warten lassen. Leider zeigt es sich auf vielen Ebenen unzul\u00e4nglich und bedarf dringend notwendiger Nachbesserungen. Aus Sicht der VKL liegen auch schon zum jetzigen Zeitpunkt konkrete Erkenntnisse vor, die eine Anpassung des Gesetzes erm\u00f6glichen und sogar fordern. Wir gehen davon aus, dass sich in der Evaluation diese Erkenntnisse eher widerspiegeln. Der VKL fehlen in der bisherigen Ausf\u00fchrung konkrete Aussagen zu den anzustrebenden Ver\u00e4nderungen, weshalb wir eine Verl\u00e4ngerung des Reformprozesses nicht mittragen k\u00f6nnen.<\/p>\n<p>Am 07.11.23 fand eine m\u00fcndliche Anh\u00f6rung zu ebendiesem Gesetzesentwurf statt. Einheitlich sprachen sich die geladenen Vertreter*innen gegen die geplante Verl\u00e4ngerung aus.\u00a0Letztendlich kippte der Sozialausschuss den Gesetzesentwurf und es bleibt beim bisherigen Zeitplan mit Abschluss der Evaluation bis April 2024 und Abschluss des Reformprozesses bis 31.12.2024.\u00a0<\/p>\n<p>Die Zeit ist knapp. Die notwendigen Schritte gro\u00df. Wir Kita-Leitungen sp\u00fcren die Auswirkungen direkt. Wir sehen die Bedarfe der Kinder, der Fachkr\u00e4fte und der Eltern. Wir erleben die Auswirkungen der aktuellen Rahmenbedingungen in unserem Alltag. Wir k\u00f6nnen und wollen diese wertvolle Perspektive in den Reformprozess einbringen.<\/p>\n<p>Wir &#8211; die VKL &#8211; bleiben dran.<\/p>\t\t\t\t\t\t<\/div>\n\t\t\t\t<\/div>\n\t\t\t\t\t<\/div>\n\t\t<\/div>\n\t\t\t\t\t\t\t<\/div>\n\t\t<\/section>\n\t\t\t\t<section class=\"elementor-section elementor-top-section elementor-element elementor-element-d53de41 elementor-section-boxed elementor-section-height-default elementor-section-height-default\" data-id=\"d53de41\" data-element_type=\"section\">\n\t\t\t\t\t\t<div class=\"elementor-container elementor-column-gap-default\">\n\t\t\t\t\t<div class=\"elementor-column elementor-col-100 elementor-top-column elementor-element elementor-element-a267909\" data-id=\"a267909\" data-element_type=\"column\">\n\t\t\t<div class=\"elementor-widget-wrap elementor-element-populated\">\n\t\t\t\t\t\t\t\t<div class=\"elementor-element elementor-element-5a453f4 elementor-widget elementor-widget-text-editor\" data-id=\"5a453f4\" data-element_type=\"widget\" data-widget_type=\"text-editor.default\">\n\t\t\t\t<div class=\"elementor-widget-container\">\n\t\t\t\t\t\t\t<h2 class=\"wp-block-heading\" style=\"padding: var(--wp--preset--spacing--20); margin: var(--wp--preset--spacing--20);\">Das war der Mitgliederaustausch in Pr\u00e4senz am 21.09.2023 in Pinneberg<\/h2>\n<p class=\"wp-block-heading\" style=\"padding: var(--wp--preset--spacing--20); margin: var(--wp--preset--spacing--20); text-align: left;\"><span style=\"font-size: 16px;\">Wir trafen uns in kleiner aber starker Runde. Gleich zwei Kita-Leitungen sa\u00dfen mit am Tisch, die zus\u00e4tzlich auch die (Klein-)Tr\u00e4gersicht mit beisteuern konnten. Mit Kita-Leitungen aus unterschiedlichsten Kreisen konnten wir die teilweise stark voneinander abweichenden Herangehensweisen der Kreise im Evaluationsprozess des KitaG herausarbeiten. Insbesondere die Verl\u00e4ngerung des Evaluationszeitraums mit den damit verbundenen Unsicherheiten, fehlende &#8222;Tools&#8220; um der Nachweispflicht nachzukommen, sowie Erfahrungen mit der Qualit\u00e4tsaufsicht wurden hier thematisiert.<\/span><\/p>\n<p class=\"wp-block-heading\" style=\"padding: var(--wp--preset--spacing--20); margin: var(--wp--preset--spacing--20); text-align: left;\"><span style=\"font-size: 16px;\">Wir kamen in die konstruktive Auseinandersetzung zu dem j\u00fcngsten Beschluss der Landesregierung den Zugang in den Beruf zu erleichtern (<\/span><a style=\"font-size: 16px;\" href=\"https:\/\/www.schleswig-holstein.de\/DE\/landesregierung\/ministerien-behoerden\/VIII\/Presse\/PI\/2023\/230918_VIII_Kita_Quereinstieg_Aufstiegschancen.html\">SozMin &#8211; Quereinstieg + Aufstiegschancen<\/a><span style=\"font-size: 16px;\">). Welche Chancen, welche Herausforderungen, welche Verantwortung liegen hierin? Was braucht es um nicht nur schnell viele Menschen in die Kitas zu bekommen, sondern dabei auch die Qualit\u00e4t sicherzustellen? Hierzu haben wir bereits erste Anfragen seitens der Presse erhalten und werden auch eine Stellungnahme an das Sozialministerium formulieren.<\/span><\/p>\n<p><strong style=\"caret-color: #000000; color: #000000; font-style: normal;\">Ausblick:<\/strong><span style=\"caret-color: #000000; color: #000000; font-family: -webkit-standard; font-size: medium; font-style: normal;\">\u00a0Am 30.11.23 ist die VKL zum Parlamentarischen Abend der Landeselternvertretung in Kiel eingeladen. Wir freuen uns auf einen spannenden und konstruktiven Austausch. Gemeinsam f\u00fcr starke Kitas &#8211; f\u00fcr starke Kinder &#8211; f\u00fcr eine starke Gesellschaft!<\/span><\/p>\t\t\t\t\t\t<\/div>\n\t\t\t\t<\/div>\n\t\t\t\t\t<\/div>\n\t\t<\/div>\n\t\t\t\t\t\t\t<\/div>\n\t\t<\/section>\n\t\t\t\t\t\t\t<\/div>\n\t\t","protected":false},"excerpt":{"rendered":"<p>KitaG &#8211; Wie geht&#8217;s weiter? Am 30.11.23 folgten wir der Einladung der Landeselternvertretung zum Parlamentarischen Abend in Kiel. In stilvollem Ambiente plauderten wir mit Politik, verschiedenen Verb\u00e4nden und Landes- sowie Kreiselternvertretungen. Ein positives Signal: Gemeinsames Ziel ist eine verl\u00e4ssliche UND qualitative Betreuung und F\u00f6rderung unserer Kinder. Was es dazu braucht? Fachkr\u00e4fte, Investitionen, klare Verantwortungs\u00fcbernahme.\u00a0 Seit [&hellip;]<\/p>\n","protected":false},"author":3,"featured_media":0,"parent":0,"menu_order":0,"comment_status":"closed","ping_status":"closed","template":"","meta":{"site-sidebar-layout":"default","site-content-layout":"default","ast-site-content-layout":"default","site-content-style":"default","site-sidebar-style":"default","ast-global-header-display":"","ast-banner-title-visibility":"","ast-main-header-display":"","ast-hfb-above-header-display":"","ast-hfb-below-header-display":"","ast-hfb-mobile-header-display":"","site-post-title":"","ast-breadcrumbs-content":"","ast-featured-img":"","footer-sml-layout":"","theme-transparent-header-meta":"default","adv-header-id-meta":"","stick-header-meta":"","header-above-stick-meta":"","header-main-stick-meta":"","header-below-stick-meta":"","astra-migrate-meta-layouts":"set","ast-page-background-enabled":"default","ast-page-background-meta":{"desktop":{"background-color":"","background-image":"","background-repeat":"repeat","background-position":"center center","background-size":"auto","background-attachment":"scroll","background-type":"","background-media":"","overlay-type":"","overlay-color":"","overlay-opacity":"","overlay-gradient":""},"tablet":{"background-color":"","background-image":"","background-repeat":"repeat","background-position":"center center","background-size":"auto","background-attachment":"scroll","background-type":"","background-media":"","overlay-type":"","overlay-color":"","overlay-opacity":"","overlay-gradient":""},"mobile":{"background-color":"","background-image":"","background-repeat":"repeat","background-position":"center center","background-size":"auto","background-attachment":"scroll","background-type":"","background-media":"","overlay-type":"","overlay-color":"","overlay-opacity":"","overlay-gradient":""}},"ast-content-background-meta":{"desktop":{"background-color":"var(--ast-global-color-5)","background-image":"","background-repeat":"repeat","background-position":"center center","background-size":"auto","background-attachment":"scroll","background-type":"","background-media":"","overlay-type":"","overlay-color":"","overlay-opacity":"","overlay-gradient":""},"tablet":{"background-color":"var(--ast-global-color-5)","background-image":"","background-repeat":"repeat","background-position":"center center","background-size":"auto","background-attachment":"scroll","background-type":"","background-media":"","overlay-type":"","overlay-color":"","overlay-opacity":"","overlay-gradient":""},"mobile":{"background-color":"var(--ast-global-color-5)","background-image":"","background-repeat":"repeat","background-position":"center center","background-size":"auto","background-attachment":"scroll","background-type":"","background-media":"","overlay-type":"","overlay-color":"","overlay-opacity":"","overlay-gradient":""}},"footnotes":""},"class_list":["post-556","page","type-page","status-publish","hentry"],"_links":{"self":[{"href":"https:\/\/vereinigung-der-kitaleitungen.de\/index.php?rest_route=\/wp\/v2\/pages\/556","targetHints":{"allow":["GET"]}}],"collection":[{"href":"https:\/\/vereinigung-der-kitaleitungen.de\/index.php?rest_route=\/wp\/v2\/pages"}],"about":[{"href":"https:\/\/vereinigung-der-kitaleitungen.de\/index.php?rest_route=\/wp\/v2\/types\/page"}],"author":[{"embeddable":true,"href":"https:\/\/vereinigung-der-kitaleitungen.de\/index.php?rest_route=\/wp\/v2\/users\/3"}],"replies":[{"embeddable":true,"href":"https:\/\/vereinigung-der-kitaleitungen.de\/index.php?rest_route=%2Fwp%2Fv2%2Fcomments&post=556"}],"version-history":[{"count":0,"href":"https:\/\/vereinigung-der-kitaleitungen.de\/index.php?rest_route=\/wp\/v2\/pages\/556\/revisions"}],"wp:attachment":[{"href":"https:\/\/vereinigung-der-kitaleitungen.de\/index.php?rest_route=%2Fwp%2Fv2%2Fmedia&parent=556"}],"curies":[{"name":"wp","href":"https:\/\/api.w.org\/{rel}","templated":true}]}}