{"id":528,"date":"2023-12-10T21:28:20","date_gmt":"2023-12-10T21:28:20","guid":{"rendered":"https:\/\/vereinigung-der-kitaleitungen.de\/?page_id=528"},"modified":"2023-12-10T23:50:16","modified_gmt":"2023-12-10T23:50:16","slug":"archiv-2022","status":"publish","type":"page","link":"https:\/\/vereinigung-der-kitaleitungen.de\/?page_id=528","title":{"rendered":"2022"},"content":{"rendered":"\t\t<div data-elementor-type=\"wp-page\" data-elementor-id=\"528\" class=\"elementor elementor-528\">\n\t\t\t\t\t\t\t\t\t<section class=\"elementor-section elementor-top-section elementor-element elementor-element-7067bdc8 elementor-section-boxed elementor-section-height-default elementor-section-height-default\" data-id=\"7067bdc8\" data-element_type=\"section\">\n\t\t\t\t\t\t<div class=\"elementor-container elementor-column-gap-default\">\n\t\t\t\t\t<div class=\"elementor-column elementor-col-100 elementor-top-column elementor-element elementor-element-4762eb1c\" data-id=\"4762eb1c\" data-element_type=\"column\">\n\t\t\t<div class=\"elementor-widget-wrap elementor-element-populated\">\n\t\t\t\t\t\t\t\t<div class=\"elementor-element elementor-element-4160fbe1 elementor-widget elementor-widget-text-editor\" data-id=\"4160fbe1\" data-element_type=\"widget\" data-widget_type=\"text-editor.default\">\n\t\t\t\t<div class=\"elementor-widget-container\">\n\t\t\t\t\t\t\t<p><!-- wp:image {\"align\":\"full\",\"id\":100,\"sizeSlug\":\"large\",\"className\":\"is-style-default\"} --><\/p>\n<figure><\/figure>\n<p><!-- \/wp:separator --><\/p>\n<p><!-- wp:list --><\/p>\n<ul>\n<li>25.Januar<strong> 2022<\/strong>: Zoomkonferenz mit politischen Vertretern aus allen Parteien. Diese wurde inhaltlich von Leitungskolleginnen der Fachgruppen \u201eQM\/Fachkr\u00e4ftemangel\u201c und \u201eAuswirkungen des KitaGs in den unterschiedlichen p\u00e4dagogischen Konzepten\u201c gestaltet. Die 1,5 Stunden waren gef\u00fcllt mit vielen Punkten, die der Politik erm\u00f6glichten viele Fragen zu stellen und einen sehr guten Einblick in die Themen vor Ort zu erhalten.\u00a0<\/li>\n<li><strong>27.Januar 2022<\/strong>: Wir erhielten Kenntnis von der geplanten Umfeld-Testung und haben sofort einen \u201eBrandbrief\u201c formuliert und an alle politischen Akteure gesendet. Von der SPD erhielten wir sehr z\u00fcgig eine Reaktion, die deutlich erkennen lie\u00df, dass unsere Bedenken geteilt wurden.\u00a0<\/li>\n<li><strong>01.Februar 2022<\/strong>: Die ersten Pressemitteilungen zur Umfeld-Testung ab 03.Februar 2022 erscheinen.\u00a0<\/li>\n<li><strong>02.Februar 2022<\/strong>: Wir entscheiden uns eine Petition zu starten, da uns zahlreiche Mails\/Gespr\u00e4che\/Anrufe von Kitaleitungen, Eltern und Mitarbeitenden erreichten, die diese neue Teststrategie nicht mittragen und absolutes Unverst\u00e4ndnis \u00e4u\u00dferten. Wir wiesen parallel die Presse auf die Petition hin und erhielten zahlreiche Presseanfragen aus ganz SH.\u00a0<\/li>\n<li>Ebenfalls am <strong>02.Februar 2022<\/strong> : Verbunden mit einer Einladung von Frau Eka von Kalben (Fraktionsvorsitzende der Gr\u00fcnen\/B\u00fcndnis 90) erhielten wir die Bitte, uns zu der PiA im Land zu \u00e4u\u00dfern. Unser Vorstandsmitglied Heidrun Hoepken, die im Herzogtum Lauenburg von Anfang an sehr eingebunden ist in die Installation der Ausbildung und \u00fcber ein gro\u00dfes Fachwissen verf\u00fcgt, hat die Anmerkungen der Mitglieder und ihre Erfahrungen, den politischen Vertretern aller Fraktionen, in der Zoomkonferenz mit auf den Weg gegeben. (siehe auch Pressemitteilung von Frau Eka von Kalben vom heutigen Tag!) \u00a0<\/li>\n<li><strong>03.Februar 2022<\/strong>: Der Landesverband der Kindertagespflege ist auf uns zu gekommen, mit der Bitte mit uns gemeinsam die Petition durchzuf\u00fchren. Dem haben wir gerne entsprochen.\u00a0<\/li>\n<li><strong>04.Februar 2022<\/strong>: Bericht \u00fcber die Haltung der VKL zu der Umfeldtestung im \u201eSchleswig-Holstein Magazin\u201c<\/li>\n<li><strong>08.Februar 2022: <\/strong>Virtuelle \u00dcbergabe der Petition gegen die Umfeldtestung in Kindertagesst\u00e4tten an Herrn Sozial-und Gesundheitsminister Dr. Garg und die Mitglieder der politischen Gremien und des Sozialministeriums (Stand: \u00fcber 1800 Unterschriften)<\/li>\n<li>Aus dem hohen Medieninteresse, der letzten Tage, erreichte uns eine Anfrage des Deutschlandfunks. F\u00fcr eine Radiosendung (live!) wurde eine Fachkraft, die im Vorschulbereich t\u00e4tig ist, gesucht. Die Journalistin hat dann Kontakt zu Heidrun Hoepken aufgenommen, die zu ihrer Leitungst\u00e4tigkeit auch die Vorschularbeit f\u00fcr ihre vier Einrichtungen macht und Lerntherapeutin ist. Die Sendung am <strong>12.Februar 2022<\/strong> war unglaublich interessant und hat das Thema von allen Seiten beleuchtet. Anbei senden wir den Link. Es lohnt sich sehr sich die Sendung anzuh\u00f6ren.\u00a0<\/li>\n<\/ul>\n<p><!-- \/wp:list --><\/p>\n<p><!-- wp:paragraph --><\/p>\n<p><a href=\"https:\/\/www.deutschlandfunk.de\/campus-und-karriere-12-02-2022-kinder-auf-den-schulbeginn-vorbereiten-dlf-e76f3289-100.html\">https:\/\/www.deutschlandfunk.de\/campus-und-karriere-12-02-2022-kinder-auf-den-schulbeginn-vorbereiten-dlf-e76f3289-100.html<\/a><\/p>\n<p><!-- \/wp:paragraph --><\/p>\n<p><!-- wp:list --><\/p>\n<ul>\n<li>Stand <strong>14.2.22<\/strong> haben 2065 Personen unsere Petition unterschrieben. Das Medienecho ist gro\u00df. Kaum ein Tag an dem nicht in einer Zeitung berichtet wurde. Die Landeselternvertretung, die Gewerkschaften und die Wohlfahrtsverb\u00e4nde sind ebenfalls der gleichen Auffassung wie wir. \u00a0<\/li>\n<li>Es gab einen engen schriftlichen Austausch mit der FDP, in der wir unseren Standpunkt nochmal deutlich wiederholt haben. Von Herrn Wilke und Frau Laux aus dem Sozialministerium wurden wir zu einem Online-Termin f\u00fcr den <strong>21.Februar 2022<\/strong> eingeladen. Erneut haben wir intensiv die vielen Meinungen zu der neuen Teststrategie in den Fokus ger\u00fcckt.<\/li>\n<li><strong>22.Februar 2022<\/strong>: Die Petition wird beendet. 2118 Kitaleitungen, Mitarbeitende und Eltern haben unterschrieben. Wir bedanken uns sehr f\u00fcr die gro\u00dfartige Unterst\u00fctzung!!! Auch wenn es bei der Umfeldtestung geblieben ist, wurde in Kiel die Kritik deutlich geh\u00f6rt!!! Und sie hat eine Wertsch\u00e4tzung an die Arbeit in den Kitas offenbart! Dieses Signal tut allen gut in diesen Zeiten.\u00a0<\/li>\n<\/ul>\n<p><!-- \/wp:list --><\/p>\n<p><!-- wp:paragraph --><\/p>\n<p>F\u00fcr die VKL ergaben sich daraus neue Gespr\u00e4chspartner und dies hat ein weiteres Einbinden in die unterschiedlichsten Gremien erm\u00f6glicht.<\/p>\n<p><!-- \/wp:paragraph --><\/p>\n<p><!-- wp:list --><\/p>\n<ul>\n<li><strong>15. M\u00e4rz 2022: <\/strong>Themenkonferenz f\u00fcr alle Mitglieder und Interessierte zum Thema \u201ePiA\u201c. Als Referenten haben wir Herrn Michael Blanke, seit 2008 Leitung des Fachdienstes Kindertagesbetreuung, Jugendf\u00f6rderung und Schulen im Kreis Herzogtum Lauenburg eingeladen. Von der ersten Stunde an, war er federf\u00fchrend f\u00fcr die Implementierung der Praxisintegrierten Ausbildung zur Erzieher:in im Herzogtum Lauenburg zust\u00e4ndig.<\/li>\n<\/ul>\n<p>Wir wollen mitgestalten&#8230;<\/p>\n<ul>\n<li><strong>\u00a005. Dezember 2022:\u00a0<\/strong>Workshop &#8222;Kita Utopia&#8220; &#8211; Pr\u00e4senz-Veranstaltung<br \/>Wo entstehen aktuell Probleme in den Kitas? Was sind die allt\u00e4glichen Herausforderungen? Nachdem die Schw\u00e4chen im System &#8222;Kita&#8220; vor dem Hintergrund des KitaG aufgezeigt wurden, ging es an die L\u00f6sungsentwicklung. Wenn alles m\u00f6glich w\u00e4re&#8230; Wie sieht die ideale Kita aus? Was braucht es daf\u00fcr? Was l\u00e4sst sich konkret umsetzen?\u00a0<span style=\"font-size: 15px; font-style: normal;\">Zur abschlie\u00dfenden Podiumsdiskussion begr\u00fc\u00dften wir Staatssekret\u00e4r Johannes Albig.<\/span>\u00a0So entstanden kreative Ans\u00e4tze, die die Workshop-Teilnehmenden, sowie die politischen Vertreter mitnahmen. Die Ergebnisse entdecken Sie\u00a0<a href=\"https:\/\/dkjs.taskcards.app\/#\/board\/9f9fdbfa-af32-432d-987e-3e31fc904a09\/view?token=1c0fe415-21cd-478b-8a83-1cac5d67d515\" target=\"_blank\" rel=\"noopener\">hier<\/a>.<\/li>\n<\/ul>\n<p><!-- \/wp:list --><\/p>\n<p><!-- wp:paragraph --><\/p>\n<p><!-- \/wp:paragraph --><\/p>\n<p><!-- wp:paragraph --><\/p>\n<p>\u00a0<\/p>\n<p><!-- \/wp:paragraph --><\/p>\t\t\t\t\t\t<\/div>\n\t\t\t\t<\/div>\n\t\t\t\t\t<\/div>\n\t\t<\/div>\n\t\t\t\t\t\t\t<\/div>\n\t\t<\/section>\n\t\t\t\t\t\t\t<\/div>\n\t\t","protected":false},"excerpt":{"rendered":"<p>25.Januar 2022: Zoomkonferenz mit politischen Vertretern aus allen Parteien. Diese wurde inhaltlich von Leitungskolleginnen der Fachgruppen \u201eQM\/Fachkr\u00e4ftemangel\u201c und \u201eAuswirkungen des KitaGs in den unterschiedlichen p\u00e4dagogischen Konzepten\u201c gestaltet. Die 1,5 Stunden waren gef\u00fcllt mit vielen Punkten, die der Politik erm\u00f6glichten viele Fragen zu stellen und einen sehr guten Einblick in die Themen vor Ort zu erhalten.\u00a0 [&hellip;]<\/p>\n","protected":false},"author":3,"featured_media":0,"parent":0,"menu_order":0,"comment_status":"closed","ping_status":"closed","template":"","meta":{"site-sidebar-layout":"default","site-content-layout":"default","ast-site-content-layout":"default","site-content-style":"default","site-sidebar-style":"default","ast-global-header-display":"","ast-banner-title-visibility":"","ast-main-header-display":"","ast-hfb-above-header-display":"","ast-hfb-below-header-display":"","ast-hfb-mobile-header-display":"","site-post-title":"","ast-breadcrumbs-content":"","ast-featured-img":"","footer-sml-layout":"","theme-transparent-header-meta":"default","adv-header-id-meta":"","stick-header-meta":"","header-above-stick-meta":"","header-main-stick-meta":"","header-below-stick-meta":"","astra-migrate-meta-layouts":"set","ast-page-background-enabled":"default","ast-page-background-meta":{"desktop":{"background-color":"","background-image":"","background-repeat":"repeat","background-position":"center center","background-size":"auto","background-attachment":"scroll","background-type":"","background-media":"","overlay-type":"","overlay-color":"","overlay-opacity":"","overlay-gradient":""},"tablet":{"background-color":"","background-image":"","background-repeat":"repeat","background-position":"center center","background-size":"auto","background-attachment":"scroll","background-type":"","background-media":"","overlay-type":"","overlay-color":"","overlay-opacity":"","overlay-gradient":""},"mobile":{"background-color":"","background-image":"","background-repeat":"repeat","background-position":"center center","background-size":"auto","background-attachment":"scroll","background-type":"","background-media":"","overlay-type":"","overlay-color":"","overlay-opacity":"","overlay-gradient":""}},"ast-content-background-meta":{"desktop":{"background-color":"var(--ast-global-color-5)","background-image":"","background-repeat":"repeat","background-position":"center center","background-size":"auto","background-attachment":"scroll","background-type":"","background-media":"","overlay-type":"","overlay-color":"","overlay-opacity":"","overlay-gradient":""},"tablet":{"background-color":"var(--ast-global-color-5)","background-image":"","background-repeat":"repeat","background-position":"center center","background-size":"auto","background-attachment":"scroll","background-type":"","background-media":"","overlay-type":"","overlay-color":"","overlay-opacity":"","overlay-gradient":""},"mobile":{"background-color":"var(--ast-global-color-5)","background-image":"","background-repeat":"repeat","background-position":"center center","background-size":"auto","background-attachment":"scroll","background-type":"","background-media":"","overlay-type":"","overlay-color":"","overlay-opacity":"","overlay-gradient":""}},"footnotes":""},"class_list":["post-528","page","type-page","status-publish","hentry"],"_links":{"self":[{"href":"https:\/\/vereinigung-der-kitaleitungen.de\/index.php?rest_route=\/wp\/v2\/pages\/528","targetHints":{"allow":["GET"]}}],"collection":[{"href":"https:\/\/vereinigung-der-kitaleitungen.de\/index.php?rest_route=\/wp\/v2\/pages"}],"about":[{"href":"https:\/\/vereinigung-der-kitaleitungen.de\/index.php?rest_route=\/wp\/v2\/types\/page"}],"author":[{"embeddable":true,"href":"https:\/\/vereinigung-der-kitaleitungen.de\/index.php?rest_route=\/wp\/v2\/users\/3"}],"replies":[{"embeddable":true,"href":"https:\/\/vereinigung-der-kitaleitungen.de\/index.php?rest_route=%2Fwp%2Fv2%2Fcomments&post=528"}],"version-history":[{"count":0,"href":"https:\/\/vereinigung-der-kitaleitungen.de\/index.php?rest_route=\/wp\/v2\/pages\/528\/revisions"}],"wp:attachment":[{"href":"https:\/\/vereinigung-der-kitaleitungen.de\/index.php?rest_route=%2Fwp%2Fv2%2Fmedia&parent=528"}],"curies":[{"name":"wp","href":"https:\/\/api.w.org\/{rel}","templated":true}]}}