{"id":175,"date":"2020-11-13T16:05:12","date_gmt":"2020-11-13T16:05:12","guid":{"rendered":"http:\/\/vereinigung-der-kitaleitungen.de\/?page_id=175"},"modified":"2025-12-04T21:23:58","modified_gmt":"2025-12-04T21:23:58","slug":"willkommen-bei-der-vkl-sh","status":"publish","type":"page","link":"https:\/\/vereinigung-der-kitaleitungen.de\/","title":{"rendered":"Willkommen bei der VKL SH"},"content":{"rendered":"\t\t<div data-elementor-type=\"wp-page\" data-elementor-id=\"175\" class=\"elementor elementor-175\">\n\t\t\t\t\t\t\t\t\t<section class=\"elementor-section elementor-top-section elementor-element elementor-element-648dfe33 elementor-section-boxed elementor-section-height-default elementor-section-height-default\" data-id=\"648dfe33\" data-element_type=\"section\">\n\t\t\t\t\t\t<div class=\"elementor-container elementor-column-gap-default\">\n\t\t\t\t\t<div class=\"elementor-column elementor-col-100 elementor-top-column elementor-element elementor-element-d82bece\" data-id=\"d82bece\" data-element_type=\"column\">\n\t\t\t<div class=\"elementor-widget-wrap elementor-element-populated\">\n\t\t\t\t\t\t\t\t<div class=\"elementor-element elementor-element-ae6d298 elementor-widget elementor-widget-text-editor\" data-id=\"ae6d298\" data-element_type=\"widget\" data-widget_type=\"text-editor.default\">\n\t\t\t\t<div class=\"elementor-widget-container\">\n\t\t\t\t\t\t\t<figure class=\"wp-block-image alignfull size-large\"><img loading=\"lazy\" decoding=\"async\" width=\"1024\" height=\"512\" class=\"wp-image-114\" src=\"https:\/\/vereinigung-der-kitaleitungen.de\/wp-content\/uploads\/2020\/11\/Handkreis-bunt-1024x512.jpg\" alt=\"\" srcset=\"https:\/\/vereinigung-der-kitaleitungen.de\/wp-content\/uploads\/2020\/11\/Handkreis-bunt-1024x512.jpg 1024w, https:\/\/vereinigung-der-kitaleitungen.de\/wp-content\/uploads\/2020\/11\/Handkreis-bunt-300x150.jpg 300w, https:\/\/vereinigung-der-kitaleitungen.de\/wp-content\/uploads\/2020\/11\/Handkreis-bunt-768x384.jpg 768w, https:\/\/vereinigung-der-kitaleitungen.de\/wp-content\/uploads\/2020\/11\/Handkreis-bunt-1536x768.jpg 1536w, https:\/\/vereinigung-der-kitaleitungen.de\/wp-content\/uploads\/2020\/11\/Handkreis-bunt.jpg 1688w\" sizes=\"auto, (max-width: 1024px) 100vw, 1024px\" \/><\/figure>\n<p><!-- \/wp:image --><\/p>\n<p><!-- wp:paragraph --><\/p>\n<p>.<\/p>\n<p><!-- \/wp:paragraph --><\/p>\n<p><!-- wp:heading --><\/p>\n<h2 class=\"elementor-heading-title elementor-size-default elementor-inline-editing pen\" contenteditable=\"true\" data-elementor-setting-key=\"title\" data-pen-placeholder=\"Eingabe hier...\"><strong><span style=\"color: #000000;\"><span style=\"caret-color: #000000;\">N\u00e4chste Mitgliederversammlung 10.12.25, 19 Uhr online<\/span><\/span><\/strong><\/h2>\n<p><!-- \/wp:heading --><\/p>\n<p><!-- wp:paragraph --><\/p>\n<h2><a href=\"https:\/\/vereinigung-der-kitaleitungen.de\/?page_id=389\" data-type=\"page\" data-id=\"389\"><b>Klicken Sie hier f\u00fcr weitere Infos.<\/b><\/a><\/h2>\n<p><!-- \/wp:paragraph --><\/p>\n<p><!-- wp:heading --><\/p>\n<h2>Wer sind wir und was machen wir?<\/h2>\n<p><!-- \/wp:heading --><\/p>\n<p><!-- wp:paragraph --><\/p>\n<p><strong>Wir vertreten Ihre Interessen!<\/strong><br \/>Die Vereinigung der Kita Leitungen f\u00fcr Schleswig-Holstein wurde im November 2019 gegr\u00fcndet. Ausgel\u00f6st wurde die Gr\u00fcndung durch den Umstand, dass alle Ver\u00e4nderungen in der Kita Landschaft in den vergangenen Jahrzehnten ohne Beteiligung derer erfolgt sind, die in den Kitas arbeiten und die beschlossenen Ver\u00e4nderungen vor Ort umsetzen m\u00fcssen. Das liegt nat\u00fcrlich daran, dass wir bisher nicht organisiert waren und deshalb auch nicht beteiligt werden konnten. Mit der Gr\u00fcndung der Vereinigung m\u00f6chten wir das \u00e4ndern!<\/p>\n<p><!-- \/wp:paragraph --><\/p>\n<p><!-- wp:separator {\"opacity\":\"css\",\"className\":\"is-style-default\"} --><\/p>\n<hr \/>\n<p><!-- \/wp:separator --><\/p>\n<p><!-- wp:heading --><\/p>\n<h2>Unsere bisherige Arbeit<\/h2>\n<p><!-- \/wp:heading --><\/p>\n<p><!-- wp:paragraph --><\/p>\n<p>In den letzten Monaten erhielten wir immer \u00f6fter die Gelegenheit, mit unterschiedlichen Akteuren der politischen Gremien zu sprechen und wurden ebenfalls gebeten, aus Sicht der Praxis zu unterschiedlichen Fragestellungen schriftlich und m\u00fcndlich Stellung zu beziehen. Dies hat uns deutlich gezeigt, wie notwendig und vor allem erw\u00fcnscht der Austausch mit den Kita-Leitungen ist. Wir konnten durch regelm\u00e4\u00dfigen Austausch, Umfragen und kreative Workshops zusammen mit unseren Mitgliedern f\u00fcr die Parteien\/Fraktionen, das Sozialministerium und unterschiedliche Aussch\u00fcsse konstruktive R\u00fcckmeldungen entwickeln. Auf verschiedene Weise fanden und finden diese in deren Arbeit Geh\u00f6r und bilden die Grundlage f\u00fcr das gemeinsame Arbeiten an L\u00f6sungen.<\/p>\n<p><!-- \/wp:paragraph --><\/p>\n<p><!-- wp:paragraph --><\/p>\n<p>Des Weiteren erhalten wir in pers\u00f6nlichen Gespr\u00e4chen auch die M\u00f6glichkeit, Bed\u00fcrfnisse, Erfahrungen und Anliegen an den richtigen Stellen zu platzieren. Dies ist dringend notwendig, um unsere Arbeit an der Basis immer wieder in den Fokus zu r\u00fccken und Umsetzungsm\u00f6glichkeiten, aber auch Schwierigkeiten aufzuzeigen.<\/p>\n<p><!-- \/wp:paragraph --><\/p>\n<p><!-- wp:paragraph --><\/p>\n<p>N\u00e4here Details zu den Inhalten unserer Gespr\u00e4che und Reaktionen auf schriftliche Stellungnahmen, teilen wir in regelm\u00e4\u00dfigen Videokonferenz mit unseren Mitgliedern und Interessierten.<\/p>\n<p><!-- \/wp:paragraph --><\/p>\n<p><!-- wp:paragraph --><\/p>\n<p>Eine aktuelle Darstellung unserer Arbeit finden Sie unter <a href=\"https:\/\/vereinigung-der-kitaleitungen.de\/?page_id=389\">Aktuell<\/a><\/p>\n<p><!-- \/wp:paragraph --><\/p>\n<p><!-- wp:paragraph --><\/p>\n<p>Unter dem Reiter <a href=\"https:\/\/vereinigung-der-kitaleitungen.de\/?page_id=565\">Archiv<\/a> erhalten Sie einen Eindruck welche Themen wir bisher, in unterschiedlichster Weise, bewegt haben.<\/p>\n<p>Folgen Sie uns auf <a href=\"https:\/\/www.instagram.com\/vkl_sh2019?igsh=MXNpbmVseW5idmJweA==\">Instagram<\/a> und bleiben Sie informiert (@vkl_sh2019)<\/p>\n<p><!-- \/wp:paragraph --><\/p>\n<p><!-- wp:paragraph --><\/p>\n<p><!-- \/wp:paragraph --><\/p>\n<p><!-- wp:heading --><\/p>\n<h2>Der satzungsgem\u00e4\u00dfe Zweck:<\/h2>\n<p><!-- \/wp:heading --><\/p>\n<p><!-- wp:paragraph --><\/p>\n<p>Die Vereinigung nimmt die berufsst\u00e4ndischen, rechtlichen, kulturellen und sozialen Belange ihrer Mitglieder wahr. Sie hat insbesondere folgende Aufgaben:<\/p>\n<p><!-- \/wp:paragraph --><\/p>\n<p><!-- wp:paragraph --><\/p>\n<p>1. Die Wahrnehmung der gemeinsamen oder allgemeinen berufsst\u00e4ndischen Interessen ihrer Mitglieder gegen\u00fcber den L\u00e4ndern und deren Regierungen und anderen \u00f6ffentlichen oder privaten Einrichtungen, Verb\u00e4nden und Vereinen.<\/p>\n<p><!-- \/wp:paragraph --><\/p>\n<p><!-- wp:paragraph --><\/p>\n<p>2. Die Beratung, die Vermittlung berufsst\u00e4ndischer Information, die Pflege des Gedanken- und Erfahrungsaustausches sowie die F\u00f6rderung der fachlichen Weiterbildung ihrer Mitglieder.<\/p>\n<p><!-- \/wp:paragraph --><\/p>\n<p><!-- wp:paragraph --><\/p>\n<p>3. Die F\u00f6rderung des Verst\u00e4ndnisses f\u00fcr die beruflichen Aufgaben und Probleme der Kita-Leitungen in der Politik und der \u00d6ffentlichkeit. Bei der Erf\u00fcllung ihrer Aufgaben wird die Vereinigung mit allen Verb\u00e4nden, die sich mit den Belangen der Kindertagesst\u00e4tten befassen, eng zusammenarbeiten, sofern dies auch von den besagten Verb\u00e4nden gew\u00fcnscht ist. Dies gilt vor allem f\u00fcr die Abgabe von Stellungnahmen zu berufsst\u00e4ndischen Fragen gegen\u00fcber den L\u00e4ndern. Die Verfolgung parteipolitischer, religi\u00f6ser oder wirtschaftlicher Zwecke ist ausgeschlossen. Wenn Sie Interesse an unserer Arbeit oder an einer Mitgliedschaft in unserer Vereinigung haben, sprechen Sie uns gerne an. Wir freuen uns auf einen Austausch mit Ihnen!<\/p>\n<p><!-- \/wp:paragraph --><\/p>\n<p><!-- wp:paragraph --><\/p>\n<p>Ihre Vereinigung der Kita Leitungen e.V. (VKL)<\/p>\n<p><!-- \/wp:paragraph --><\/p>\t\t\t\t\t\t<\/div>\n\t\t\t\t<\/div>\n\t\t\t\t\t<\/div>\n\t\t<\/div>\n\t\t\t\t\t\t\t<\/div>\n\t\t<\/section>\n\t\t\t\t\t\t\t<\/div>\n\t\t","protected":false},"excerpt":{"rendered":"<p>. N\u00e4chste Mitgliederversammlung 10.12.25, 19 Uhr online Klicken Sie hier f\u00fcr weitere Infos. Wer sind wir und was machen wir? Wir vertreten Ihre Interessen!Die Vereinigung der Kita Leitungen f\u00fcr Schleswig-Holstein wurde im November 2019 gegr\u00fcndet. Ausgel\u00f6st wurde die Gr\u00fcndung durch den Umstand, dass alle Ver\u00e4nderungen in der Kita Landschaft in den vergangenen Jahrzehnten ohne Beteiligung [&hellip;]<\/p>\n","protected":false},"author":1,"featured_media":0,"parent":0,"menu_order":0,"comment_status":"closed","ping_status":"closed","template":"","meta":{"site-sidebar-layout":"default","site-content-layout":"default","ast-site-content-layout":"default","site-content-style":"default","site-sidebar-style":"default","ast-global-header-display":"","ast-banner-title-visibility":"","ast-main-header-display":"","ast-hfb-above-header-display":"","ast-hfb-below-header-display":"","ast-hfb-mobile-header-display":"","site-post-title":"","ast-breadcrumbs-content":"","ast-featured-img":"","footer-sml-layout":"","theme-transparent-header-meta":"default","adv-header-id-meta":"","stick-header-meta":"","header-above-stick-meta":"","header-main-stick-meta":"","header-below-stick-meta":"","astra-migrate-meta-layouts":"set","ast-page-background-enabled":"default","ast-page-background-meta":{"desktop":{"background-color":"","background-image":"","background-repeat":"repeat","background-position":"center center","background-size":"auto","background-attachment":"scroll","background-type":"","background-media":"","overlay-type":"","overlay-color":"","overlay-opacity":"","overlay-gradient":""},"tablet":{"background-color":"","background-image":"","background-repeat":"repeat","background-position":"center center","background-size":"auto","background-attachment":"scroll","background-type":"","background-media":"","overlay-type":"","overlay-color":"","overlay-opacity":"","overlay-gradient":""},"mobile":{"background-color":"","background-image":"","background-repeat":"repeat","background-position":"center center","background-size":"auto","background-attachment":"scroll","background-type":"","background-media":"","overlay-type":"","overlay-color":"","overlay-opacity":"","overlay-gradient":""}},"ast-content-background-meta":{"desktop":{"background-color":"var(--ast-global-color-5)","background-image":"","background-repeat":"repeat","background-position":"center center","background-size":"auto","background-attachment":"scroll","background-type":"","background-media":"","overlay-type":"","overlay-color":"","overlay-opacity":"","overlay-gradient":""},"tablet":{"background-color":"var(--ast-global-color-5)","background-image":"","background-repeat":"repeat","background-position":"center center","background-size":"auto","background-attachment":"scroll","background-type":"","background-media":"","overlay-type":"","overlay-color":"","overlay-opacity":"","overlay-gradient":""},"mobile":{"background-color":"var(--ast-global-color-5)","background-image":"","background-repeat":"repeat","background-position":"center center","background-size":"auto","background-attachment":"scroll","background-type":"","background-media":"","overlay-type":"","overlay-color":"","overlay-opacity":"","overlay-gradient":""}},"footnotes":""},"class_list":["post-175","page","type-page","status-publish","hentry"],"_links":{"self":[{"href":"https:\/\/vereinigung-der-kitaleitungen.de\/index.php?rest_route=\/wp\/v2\/pages\/175","targetHints":{"allow":["GET"]}}],"collection":[{"href":"https:\/\/vereinigung-der-kitaleitungen.de\/index.php?rest_route=\/wp\/v2\/pages"}],"about":[{"href":"https:\/\/vereinigung-der-kitaleitungen.de\/index.php?rest_route=\/wp\/v2\/types\/page"}],"author":[{"embeddable":true,"href":"https:\/\/vereinigung-der-kitaleitungen.de\/index.php?rest_route=\/wp\/v2\/users\/1"}],"replies":[{"embeddable":true,"href":"https:\/\/vereinigung-der-kitaleitungen.de\/index.php?rest_route=%2Fwp%2Fv2%2Fcomments&post=175"}],"version-history":[{"count":0,"href":"https:\/\/vereinigung-der-kitaleitungen.de\/index.php?rest_route=\/wp\/v2\/pages\/175\/revisions"}],"wp:attachment":[{"href":"https:\/\/vereinigung-der-kitaleitungen.de\/index.php?rest_route=%2Fwp%2Fv2%2Fmedia&parent=175"}],"curies":[{"name":"wp","href":"https:\/\/api.w.org\/{rel}","templated":true}]}}