{"id":104,"date":"2020-11-12T16:29:03","date_gmt":"2020-11-12T16:29:03","guid":{"rendered":"http:\/\/vereinigung-der-kitaleitungen.de\/?page_id=104"},"modified":"2024-01-25T20:56:58","modified_gmt":"2024-01-25T20:56:58","slug":"mitglied-der-vkl-werden","status":"publish","type":"page","link":"https:\/\/vereinigung-der-kitaleitungen.de\/?page_id=104","title":{"rendered":"Mitglied der VKL werden"},"content":{"rendered":"\n<figure class=\"wp-block-image alignleft size-large is-resized is-style-default\"><img loading=\"lazy\" decoding=\"async\" width=\"1024\" height=\"1024\" src=\"https:\/\/vereinigung-der-kitaleitungen.de\/wp-content\/uploads\/2020\/11\/Team-mit-Tau-1024x1024.jpg\" alt=\"\" class=\"wp-image-107\" style=\"width:308px;height:308px\" srcset=\"https:\/\/vereinigung-der-kitaleitungen.de\/wp-content\/uploads\/2020\/11\/Team-mit-Tau.jpg 1024w, https:\/\/vereinigung-der-kitaleitungen.de\/wp-content\/uploads\/2020\/11\/Team-mit-Tau-300x300.jpg 300w, https:\/\/vereinigung-der-kitaleitungen.de\/wp-content\/uploads\/2020\/11\/Team-mit-Tau-150x150.jpg 150w, https:\/\/vereinigung-der-kitaleitungen.de\/wp-content\/uploads\/2020\/11\/Team-mit-Tau-768x768.jpg 768w\" sizes=\"auto, (max-width: 1024px) 100vw, 1024px\" \/><\/figure>\n\n\n\n<p><strong>Wir freuen uns immer \u00fcber neue Mitglieder in der Vereinigung der Kitaleitungen!<\/strong><\/p>\n\n\n\n<p>Nur mit einer gro\u00dfen Anzahl von Mitgliedern k\u00f6nnen wir den n\u00f6tigen Einfluss auf \u00d6ffentlichkeit und Politik f\u00fcr unsere Interessen aus\u00fcben. Werden Sie stilles Mitglied und unterst\u00fctzen uns mit einem geringen monatlichen Beitrag von 8,-\u20ac. So erhalten Sie auch immer die neusten Informationen \u00fcber unsere Projekte. Haben Sie Interesse bei uns im Team aktives Mitglied zu werden? Wir sind begeistert! Es fallen immer neue Themen und Projekte f\u00fcr engagierte Kolleg*innen an.<\/p>\n\n\n\n<div style=\"height:20px\" aria-hidden=\"true\" class=\"wp-block-spacer\"><\/div>\n\n\n\n<p><strong>Melden Sie sich schnell und einfach \u00fcber unser Online-Formular an!<\/strong><\/p>\n\n\n\n<div class=\"wp-block-buttons is-layout-flex wp-block-buttons-is-layout-flex\">\n<div class=\"wp-block-button\"><a class=\"wp-block-button__link wp-element-button\" href=\"https:\/\/vereinigung-der-kitaleitungen.de\/wp-content\/uploads\/2020\/09\/Mitgliedsbeitr%C3%A4ge-Webseite.pdf\" target=\"_blank\" rel=\"noreferrer noopener\">Mitgliedsantrag<\/a><\/div>\n\n\n\n<div class=\"wp-block-button\"><a class=\"wp-block-button__link wp-element-button\" href=\"https:\/\/vereinigung-der-kitaleitungen.de\/wp-content\/uploads\/2020\/02\/Datenschutz-Erkl%C3%A4rung-Innenseite.pdf\" target=\"_blank\" rel=\"noreferrer noopener\">Datenschutzerkl\u00e4rung<\/a><\/div>\n<\/div>\n\n\n\n<p><strong>Brauchen Sie zuerst mehr Informationen?<\/strong> Dann melden Sie sich gerne bei einem unserer Vorstandsmitglieder! <a rel=\"noreferrer noopener\" href=\"https:\/\/vereinigung-der-kitaleitungen.de\/?page_id=10\" data-type=\"URL\" data-id=\"https:\/\/vereinigung-der-kitaleitungen.de\/?page_id=10\" target=\"_blank\">Kontakt<\/a> <\/p>\n","protected":false},"excerpt":{"rendered":"<p>Wir freuen uns immer \u00fcber neue Mitglieder in der Vereinigung der Kitaleitungen! Nur mit einer gro\u00dfen Anzahl von Mitgliedern k\u00f6nnen wir den n\u00f6tigen Einfluss auf \u00d6ffentlichkeit und Politik f\u00fcr unsere Interessen aus\u00fcben. Werden Sie stilles Mitglied und unterst\u00fctzen uns mit einem geringen monatlichen Beitrag von 8,-\u20ac. So erhalten Sie auch immer die neusten Informationen \u00fcber [&hellip;]<\/p>\n","protected":false},"author":1,"featured_media":0,"parent":0,"menu_order":0,"comment_status":"closed","ping_status":"closed","template":"","meta":{"site-sidebar-layout":"default","site-content-layout":"default","ast-site-content-layout":"default","site-content-style":"default","site-sidebar-style":"default","ast-global-header-display":"","ast-banner-title-visibility":"","ast-main-header-display":"","ast-hfb-above-header-display":"","ast-hfb-below-header-display":"","ast-hfb-mobile-header-display":"","site-post-title":"","ast-breadcrumbs-content":"","ast-featured-img":"","footer-sml-layout":"","theme-transparent-header-meta":"default","adv-header-id-meta":"","stick-header-meta":"","header-above-stick-meta":"","header-main-stick-meta":"","header-below-stick-meta":"","astra-migrate-meta-layouts":"set","ast-page-background-enabled":"default","ast-page-background-meta":{"desktop":{"background-color":"","background-image":"","background-repeat":"repeat","background-position":"center center","background-size":"auto","background-attachment":"scroll","background-type":"","background-media":"","overlay-type":"","overlay-color":"","overlay-opacity":"","overlay-gradient":""},"tablet":{"background-color":"","background-image":"","background-repeat":"repeat","background-position":"center center","background-size":"auto","background-attachment":"scroll","background-type":"","background-media":"","overlay-type":"","overlay-color":"","overlay-opacity":"","overlay-gradient":""},"mobile":{"background-color":"","background-image":"","background-repeat":"repeat","background-position":"center center","background-size":"auto","background-attachment":"scroll","background-type":"","background-media":"","overlay-type":"","overlay-color":"","overlay-opacity":"","overlay-gradient":""}},"ast-content-background-meta":{"desktop":{"background-color":"var(--ast-global-color-5)","background-image":"","background-repeat":"repeat","background-position":"center center","background-size":"auto","background-attachment":"scroll","background-type":"","background-media":"","overlay-type":"","overlay-color":"","overlay-opacity":"","overlay-gradient":""},"tablet":{"background-color":"var(--ast-global-color-5)","background-image":"","background-repeat":"repeat","background-position":"center center","background-size":"auto","background-attachment":"scroll","background-type":"","background-media":"","overlay-type":"","overlay-color":"","overlay-opacity":"","overlay-gradient":""},"mobile":{"background-color":"var(--ast-global-color-5)","background-image":"","background-repeat":"repeat","background-position":"center center","background-size":"auto","background-attachment":"scroll","background-type":"","background-media":"","overlay-type":"","overlay-color":"","overlay-opacity":"","overlay-gradient":""}},"footnotes":""},"class_list":["post-104","page","type-page","status-publish","hentry"],"_links":{"self":[{"href":"https:\/\/vereinigung-der-kitaleitungen.de\/index.php?rest_route=\/wp\/v2\/pages\/104","targetHints":{"allow":["GET"]}}],"collection":[{"href":"https:\/\/vereinigung-der-kitaleitungen.de\/index.php?rest_route=\/wp\/v2\/pages"}],"about":[{"href":"https:\/\/vereinigung-der-kitaleitungen.de\/index.php?rest_route=\/wp\/v2\/types\/page"}],"author":[{"embeddable":true,"href":"https:\/\/vereinigung-der-kitaleitungen.de\/index.php?rest_route=\/wp\/v2\/users\/1"}],"replies":[{"embeddable":true,"href":"https:\/\/vereinigung-der-kitaleitungen.de\/index.php?rest_route=%2Fwp%2Fv2%2Fcomments&post=104"}],"version-history":[{"count":0,"href":"https:\/\/vereinigung-der-kitaleitungen.de\/index.php?rest_route=\/wp\/v2\/pages\/104\/revisions"}],"wp:attachment":[{"href":"https:\/\/vereinigung-der-kitaleitungen.de\/index.php?rest_route=%2Fwp%2Fv2%2Fmedia&parent=104"}],"curies":[{"name":"wp","href":"https:\/\/api.w.org\/{rel}","templated":true}]}}